{"id":20236,"date":"2026-03-31T12:31:56","date_gmt":"2026-03-31T10:31:56","guid":{"rendered":"https:\/\/www.douillet.com\/collections\/the-alpage\/"},"modified":"2026-03-31T15:02:19","modified_gmt":"2026-03-31T13:02:19","slug":"the-alpage","status":"publish","type":"page","link":"https:\/\/www.douillet.com\/en\/collections\/the-alpage\/","title":{"rendered":"The Alpage"},"content":{"rendered":"\t\t<div data-elementor-type=\"wp-page\" data-elementor-id=\"20236\" class=\"elementor elementor-20236 elementor-19132\" data-elementor-post-type=\"page\">\n\t\t\t\t<div class=\"elementor-element elementor-element-81accc6 e-con-full e-flex e-con e-parent\" data-id=\"81accc6\" data-element_type=\"container\" data-e-type=\"container\" data-settings=\"{&quot;background_background&quot;:&quot;classic&quot;,&quot;sticky&quot;:&quot;top&quot;,&quot;sticky_offset&quot;:60,&quot;sticky_on&quot;:[&quot;desktop&quot;,&quot;tablet&quot;,&quot;mobile&quot;],&quot;sticky_effects_offset&quot;:0,&quot;sticky_anchor_link_offset&quot;:0}\">\n\t\t\t\t<div class=\"elementor-element elementor-element-74161f4 elementor-icon-list--layout-inline elementor-align-center elementor-list-item-link-full_width elementor-widget elementor-widget-icon-list\" data-id=\"74161f4\" data-element_type=\"widget\" data-e-type=\"widget\" data-widget_type=\"icon-list.default\">\n\t\t\t\t<div class=\"elementor-widget-container\">\n\t\t\t\t\t\t\t<ul class=\"elementor-icon-list-items elementor-inline-items\">\n\t\t\t\t\t\t\t<li class=\"elementor-icon-list-item elementor-inline-item\">\n\t\t\t\t\t\t\t\t\t\t\t<a href=\"https:\/\/www.douillet.com\/en\/sets\/alpage-en\/\">\n\n\t\t\t\t\t\t\t\t\t\t\t<span class=\"elementor-icon-list-text\">The Alpage<\/span>\n\t\t\t\t\t\t\t\t\t\t\t<\/a>\n\t\t\t\t\t\t\t\t\t<\/li>\n\t\t\t\t\t\t\t\t<li class=\"elementor-icon-list-item elementor-inline-item\">\n\t\t\t\t\t\t\t\t\t\t\t<a href=\"https:\/\/www.douillet.com\/en\/collections\/the-orchard\/\">\n\n\t\t\t\t\t\t\t\t\t\t\t<span class=\"elementor-icon-list-text\">The Orchard<\/span>\n\t\t\t\t\t\t\t\t\t\t\t<\/a>\n\t\t\t\t\t\t\t\t\t<\/li>\n\t\t\t\t\t\t\t\t<li class=\"elementor-icon-list-item elementor-inline-item\">\n\t\t\t\t\t\t\t\t\t\t\t<a href=\"https:\/\/www.douillet.com\/en\/collections\/the-forest\/\">\n\n\t\t\t\t\t\t\t\t\t\t\t<span class=\"elementor-icon-list-text\">The Forest<\/span>\n\t\t\t\t\t\t\t\t\t\t\t<\/a>\n\t\t\t\t\t\t\t\t\t<\/li>\n\t\t\t\t\t\t\t\t<li class=\"elementor-icon-list-item elementor-inline-item\">\n\t\t\t\t\t\t\t\t\t\t\t<a href=\"https:\/\/www.douillet.com\/en\/collections\/the-hamlet\/\">\n\n\t\t\t\t\t\t\t\t\t\t\t<span class=\"elementor-icon-list-text\">The Hamlet<\/span>\n\t\t\t\t\t\t\t\t\t\t\t<\/a>\n\t\t\t\t\t\t\t\t\t<\/li>\n\t\t\t\t\t\t<\/ul>\n\t\t\t\t\t\t<\/div>\n\t\t\t\t<\/div>\n\t\t\t\t<\/div>\n\t\t<div class=\"elementor-element elementor-element-573eb17 e-con-full collec-prep-cont e-flex e-con e-parent\" data-id=\"573eb17\" data-element_type=\"container\" data-e-type=\"container\">\n\t\t\t\t<div class=\"elementor-element elementor-element-e030458 elementor-arrows-position-outside carrousel-collection elementor-widget elementor-widget-image-carousel\" data-id=\"e030458\" data-element_type=\"widget\" data-e-type=\"widget\" data-settings=\"{&quot;slides_to_show&quot;:&quot;2&quot;,&quot;slides_to_scroll&quot;:&quot;1&quot;,&quot;navigation&quot;:&quot;arrows&quot;,&quot;speed&quot;:0,&quot;slides_to_show_tablet&quot;:&quot;1&quot;,&quot;infinite&quot;:&quot;yes&quot;}\" data-widget_type=\"image-carousel.default\">\n\t\t\t\t<div class=\"elementor-widget-container\">\n\t\t\t\t\t\t\t<div class=\"elementor-image-carousel-wrapper swiper\" role=\"region\" aria-roledescription=\"carousel\" aria-label=\"Carrousel d\u2019images\" dir=\"ltr\">\n\t\t\t<div class=\"elementor-image-carousel swiper-wrapper\" aria-live=\"polite\">\n\t\t\t\t\t\t\t\t<div class=\"swiper-slide\" role=\"group\" aria-roledescription=\"slide\" aria-label=\"1 of 15\"><figure class=\"swiper-slide-inner\"><img decoding=\"async\" class=\"swiper-slide-image\" src=\"https:\/\/www.douillet.com\/wp-content\/uploads\/2025\/09\/Maison-Douillet-Preparatoire-VII-14-819x1024.webp\" alt=\"(19\/19)\" \/><figcaption class=\"elementor-image-carousel-caption\">(19\/19)<\/figcaption><\/figure><\/div><div class=\"swiper-slide\" role=\"group\" aria-roledescription=\"slide\" aria-label=\"2 of 15\"><figure class=\"swiper-slide-inner\"><img decoding=\"async\" class=\"swiper-slide-image\" src=\"https:\/\/www.douillet.com\/wp-content\/uploads\/2025\/09\/Maison-Douillet-Preparatoire-VII-05-819x1024.webp\" alt=\"(3\/14)\" \/><figcaption class=\"elementor-image-carousel-caption\">(3\/14)<\/figcaption><\/figure><\/div><div class=\"swiper-slide\" role=\"group\" aria-roledescription=\"slide\" aria-label=\"3 of 15\"><figure class=\"swiper-slide-inner\"><img decoding=\"async\" class=\"swiper-slide-image\" src=\"https:\/\/www.douillet.com\/wp-content\/uploads\/2024\/03\/Gilet-dAlpage-Maison-Douillet-Blanc-Naturel-Porte-819x1024.webp\" alt=\"Photographie du Gilet d&#039;Alpage de la marque Maison Douillet. Le gilet blanc est photographi\u00e9 contre la porte en bois d&#039;une ancienne grange. Cette photographie nous rappelle que ce v\u00eatement est inspir\u00e9 d&#039;un gilet de montagne, de la vie montagnarde et du patrimoine Alpin.\" \/><figcaption class=\"elementor-image-carousel-caption\">(7\/10)<\/figcaption><\/figure><\/div><div class=\"swiper-slide\" role=\"group\" aria-roledescription=\"slide\" aria-label=\"4 of 15\"><figure class=\"swiper-slide-inner\"><img decoding=\"async\" class=\"swiper-slide-image\" src=\"https:\/\/www.douillet.com\/wp-content\/uploads\/2024\/03\/Maison-Douillet-Lookbook-AW24-Gilet-DAlpage-Couverture-dAlpage-819x1024.webp\" alt=\"Photo d&#039;une tenue de pr\u00eat \u00e0 porter de la marque Maison Douillet, coloris marron.\nLe gilet est unisex, pour homme et femme, sa couleur est marron sans teinture. Ce gilet est Fabriqu\u00e9 en France.\" \/><figcaption class=\"elementor-image-carousel-caption\">(6\/14)<\/figcaption><\/figure><\/div><div class=\"swiper-slide\" role=\"group\" aria-roledescription=\"slide\" aria-label=\"5 of 15\"><figure class=\"swiper-slide-inner\"><img decoding=\"async\" class=\"swiper-slide-image\" src=\"https:\/\/www.douillet.com\/wp-content\/uploads\/2024\/02\/Maison-Douillet-Bonnet-Laine-Francaise-Composition-Montagnarde-Marron-Naturel.webp\" alt=\"Bonnet en Laine Fran\u00e7aise et Fabriqu\u00e9 en France, de la marque Maison Douillet - Couleur Gris Naturel.\nLe bonnet est pr\u00e9sent\u00e9 dans une composition g\u00e9om\u00e9trique, entour\u00e9 d&#039;objets rappelant l&#039;h\u00e9ritage ancestral, montagnard.\" \/><figcaption class=\"elementor-image-carousel-caption\">(7\/14)<\/figcaption><\/figure><\/div><div class=\"swiper-slide\" role=\"group\" aria-roledescription=\"slide\" aria-label=\"6 of 15\"><figure class=\"swiper-slide-inner\"><img decoding=\"async\" class=\"swiper-slide-image\" src=\"https:\/\/www.douillet.com\/wp-content\/uploads\/2023\/09\/Maison-Douillet-Tabouret-dAlpage-Merisier-1-1-819x1024.webp\" alt=\"(8\/13)\" \/><figcaption class=\"elementor-image-carousel-caption\">(8\/13)<\/figcaption><\/figure><\/div><div class=\"swiper-slide\" role=\"group\" aria-roledescription=\"slide\" aria-label=\"7 of 15\"><figure class=\"swiper-slide-inner\"><img decoding=\"async\" class=\"swiper-slide-image\" src=\"https:\/\/www.douillet.com\/wp-content\/uploads\/2023\/09\/Maison-Douillet-Tabouret-dAlpage-Merisier-2-7-819x1024.webp\" alt=\"(9\/13)\" \/><figcaption class=\"elementor-image-carousel-caption\">(9\/13)<\/figcaption><\/figure><\/div><div class=\"swiper-slide\" role=\"group\" aria-roledescription=\"slide\" aria-label=\"8 of 15\"><figure class=\"swiper-slide-inner\"><img decoding=\"async\" class=\"swiper-slide-image\" src=\"https:\/\/www.douillet.com\/wp-content\/uploads\/2023\/09\/Maison-Douillet-Couverture-dAlpage-Laine-Francaise-3-819x1024.webp\" alt=\"(10\/13)\" \/><figcaption class=\"elementor-image-carousel-caption\">(10\/13)<\/figcaption><\/figure><\/div><div class=\"swiper-slide\" role=\"group\" aria-roledescription=\"slide\" aria-label=\"9 of 15\"><figure class=\"swiper-slide-inner\"><img decoding=\"async\" class=\"swiper-slide-image\" src=\"https:\/\/www.douillet.com\/wp-content\/uploads\/2023\/09\/Maison-Douillet-Couverture-dAlpage-Laine-Francaise-1-819x1024.webp\" alt=\"(11\/17)\" \/><figcaption class=\"elementor-image-carousel-caption\">(11\/17)<\/figcaption><\/figure><\/div><div class=\"swiper-slide\" role=\"group\" aria-roledescription=\"slide\" aria-label=\"10 of 15\"><figure class=\"swiper-slide-inner\"><img decoding=\"async\" class=\"swiper-slide-image\" src=\"https:\/\/www.douillet.com\/wp-content\/uploads\/2024\/09\/Maison-Douillet-Vallon-1-819x1024.webp\" alt=\"(3\/10)\" \/><figcaption class=\"elementor-image-carousel-caption\">(3\/10)<\/figcaption><\/figure><\/div><div class=\"swiper-slide\" role=\"group\" aria-roledescription=\"slide\" aria-label=\"11 of 15\"><figure class=\"swiper-slide-inner\"><img decoding=\"async\" class=\"swiper-slide-image\" src=\"https:\/\/www.douillet.com\/wp-content\/uploads\/2025\/09\/Maison-Douillet-Preparatoire-VII-11-819x1024.webp\" alt=\"(14\/14)\" \/><figcaption class=\"elementor-image-carousel-caption\">(14\/14)<\/figcaption><\/figure><\/div><div class=\"swiper-slide\" role=\"group\" aria-roledescription=\"slide\" aria-label=\"12 of 15\"><figure class=\"swiper-slide-inner\"><img decoding=\"async\" class=\"swiper-slide-image\" src=\"https:\/\/www.douillet.com\/wp-content\/uploads\/2025\/09\/Maison-Douillet-Preparatoire-VII-16-819x1024.webp\" alt=\"(15\/19)\" \/><figcaption class=\"elementor-image-carousel-caption\">(15\/19)<\/figcaption><\/figure><\/div><div class=\"swiper-slide\" role=\"group\" aria-roledescription=\"slide\" aria-label=\"13 of 15\"><figure class=\"swiper-slide-inner\"><img decoding=\"async\" class=\"swiper-slide-image\" src=\"https:\/\/www.douillet.com\/wp-content\/uploads\/2025\/09\/Maison-Douillet-Preparatoire-VII-12-819x1024.webp\" alt=\"(10\/19)\" \/><figcaption class=\"elementor-image-carousel-caption\">(10\/19)<\/figcaption><\/figure><\/div><div class=\"swiper-slide\" role=\"group\" aria-roledescription=\"slide\" aria-label=\"14 of 15\"><figure class=\"swiper-slide-inner\"><img decoding=\"async\" class=\"swiper-slide-image\" src=\"https:\/\/www.douillet.com\/wp-content\/uploads\/2025\/09\/Maison-Douillet-Preparatoire-VII-15-819x1024.webp\" alt=\"(18\/19)\" \/><figcaption class=\"elementor-image-carousel-caption\">(18\/19)<\/figcaption><\/figure><\/div><div class=\"swiper-slide\" role=\"group\" aria-roledescription=\"slide\" aria-label=\"15 of 15\"><figure class=\"swiper-slide-inner\"><img decoding=\"async\" class=\"swiper-slide-image\" src=\"https:\/\/www.douillet.com\/wp-content\/uploads\/2025\/09\/Maison-Douillet-Preparatoire-VII-819x1024.webp\" alt=\"(1\/14)\" \/><figcaption class=\"elementor-image-carousel-caption\">(1\/14)<\/figcaption><\/figure><\/div>\t\t\t<\/div>\n\t\t\t\t\t\t\t\t\t\t\t\t<div class=\"elementor-swiper-button elementor-swiper-button-prev\" role=\"button\" tabindex=\"0\">\n\t\t\t\t\t\t<svg xmlns=\"http:\/\/www.w3.org\/2000\/svg\" xmlns:xlink=\"http:\/\/www.w3.org\/1999\/xlink\" height=\"26px\" id=\"Layer_1\" viewBox=\"0 0 15 26\" width=\"15px\" xml:space=\"preserve\"><polygon fill=\"#231F20\" points=\"12.885,0.58 14.969,2.664 4.133,13.5 14.969,24.336 12.885,26.42 2.049,15.584 -0.035,13.5 \"><\/polygon><\/svg>\t\t\t\t\t<\/div>\n\t\t\t\t\t<div class=\"elementor-swiper-button elementor-swiper-button-next\" role=\"button\" tabindex=\"0\">\n\t\t\t\t\t\t<svg xmlns=\"http:\/\/www.w3.org\/2000\/svg\" xmlns:xlink=\"http:\/\/www.w3.org\/1999\/xlink\" height=\"26px\" id=\"Layer_1\" viewBox=\"0 0 15 26\" width=\"15px\" xml:space=\"preserve\"><polygon fill=\"#231F20\" points=\"2.019,0.58 -0.035,2.634 10.646,13.316 -0.035,23.997 2.019,26.052 14.755,13.316 \"><\/polygon><\/svg>\t\t\t\t\t<\/div>\n\t\t\t\t\n\t\t\t\t\t\t\t\t\t<\/div>\n\t\t\t\t\t\t<\/div>\n\t\t\t\t<\/div>\n\t\t\t\t<\/div>\n\t\t<div class=\"elementor-element elementor-element-7c129e1 e-flex e-con-boxed e-con e-parent\" data-id=\"7c129e1\" data-element_type=\"container\" data-e-type=\"container\">\n\t\t\t\t\t<div class=\"e-con-inner\">\n\t\t<div class=\"elementor-element elementor-element-7061f23 e-con-full e-flex e-con e-child\" data-id=\"7061f23\" data-element_type=\"container\" data-e-type=\"container\">\n\t\t\t\t<div class=\"elementor-element elementor-element-89f2700 elementor-widget elementor-widget-text-editor\" data-id=\"89f2700\" data-element_type=\"widget\" data-e-type=\"widget\" data-widget_type=\"text-editor.default\">\n\t\t\t\t<div class=\"elementor-widget-container\">\n\t\t\t\t\t\t\t\t\t<p>L&#8217;Alpage is a collection of utility items &#8211; simple, long-lasting and practical. For working, walking, living inside and out.  <\/p>\t\t\t\t\t\t\t\t<\/div>\n\t\t\t\t<\/div>\n\t\t\t\t<div class=\"elementor-element elementor-element-58cffd8 elementor-widget elementor-widget-text-editor\" data-id=\"58cffd8\" data-element_type=\"widget\" data-e-type=\"widget\" data-widget_type=\"text-editor.default\">\n\t\t\t\t<div class=\"elementor-widget-container\">\n\t\t\t\t\t\t\t\t\t<p>The emphasis is on raw, weathered local materials &#8211; to equip people and homes.<\/p>\t\t\t\t\t\t\t\t<\/div>\n\t\t\t\t<\/div>\n\t\t\t\t<div class=\"elementor-element elementor-element-53c97c6 elementor-widget elementor-widget-button\" data-id=\"53c97c6\" data-element_type=\"widget\" data-e-type=\"widget\" data-widget_type=\"button.default\">\n\t\t\t\t<div class=\"elementor-widget-container\">\n\t\t\t\t\t\t\t\t\t<div class=\"elementor-button-wrapper\">\n\t\t\t\t\t<a class=\"elementor-button elementor-button-link elementor-size-sm\" href=\"https:\/\/www.douillet.com\/en\/sets\/alpage-en\/\">\n\t\t\t\t\t\t<span class=\"elementor-button-content-wrapper\">\n\t\t\t\t\t\t\t\t\t<span class=\"elementor-button-text\">Discover the collection<\/span>\n\t\t\t\t\t<\/span>\n\t\t\t\t\t<\/a>\n\t\t\t\t<\/div>\n\t\t\t\t\t\t\t\t<\/div>\n\t\t\t\t<\/div>\n\t\t\t\t<\/div>\n\t\t\t\t<div class=\"elementor-element elementor-element-1edbc23 elementor-widget elementor-widget-spacer\" data-id=\"1edbc23\" data-element_type=\"widget\" data-e-type=\"widget\" data-widget_type=\"spacer.default\">\n\t\t\t\t<div class=\"elementor-widget-container\">\n\t\t\t\t\t\t\t<div class=\"elementor-spacer\">\n\t\t\t<div class=\"elementor-spacer-inner\"><\/div>\n\t\t<\/div>\n\t\t\t\t\t\t<\/div>\n\t\t\t\t<\/div>\n\t\t\t\t\t<\/div>\n\t\t\t\t<\/div>\n\t\t<div class=\"elementor-element elementor-element-c4386d5 e-flex e-con-boxed e-con e-parent\" data-id=\"c4386d5\" data-element_type=\"container\" data-e-type=\"container\">\n\t\t\t\t\t<div class=\"e-con-inner\">\n\t\t<div class=\"elementor-element elementor-element-e5802aa e-con-full e-flex e-con e-child\" data-id=\"e5802aa\" data-element_type=\"container\" data-e-type=\"container\">\n\t\t\t\t<div class=\"elementor-element elementor-element-b0efbae elementor-widget elementor-widget-image\" data-id=\"b0efbae\" data-element_type=\"widget\" data-e-type=\"widget\" data-widget_type=\"image.default\">\n\t\t\t\t<div class=\"elementor-widget-container\">\n\t\t\t\t\t\t\t\t\t\t\t\t\t\t\t<img decoding=\"async\" width=\"1000\" height=\"563\" src=\"https:\/\/www.douillet.com\/wp-content\/uploads\/2024\/04\/Berger-Gilet-Maison-Douillet-Banner.webp\" class=\"attachment-full size-full wp-image-12329\" alt=\"\" srcset=\"https:\/\/www.douillet.com\/wp-content\/uploads\/2024\/04\/Berger-Gilet-Maison-Douillet-Banner.webp 1000w, https:\/\/www.douillet.com\/wp-content\/uploads\/2024\/04\/Berger-Gilet-Maison-Douillet-Banner-800x450.webp 800w, https:\/\/www.douillet.com\/wp-content\/uploads\/2024\/04\/Berger-Gilet-Maison-Douillet-Banner-300x169.webp 300w, https:\/\/www.douillet.com\/wp-content\/uploads\/2024\/04\/Berger-Gilet-Maison-Douillet-Banner-768x432.webp 768w\" sizes=\"(max-width: 1000px) 100vw, 1000px\" \/>\t\t\t\t\t\t\t\t\t\t\t\t\t\t\t<\/div>\n\t\t\t\t<\/div>\n\t\t\t\t<div class=\"elementor-element elementor-element-cd4ec85 elementor-widget elementor-widget-text-editor\" data-id=\"cd4ec85\" data-element_type=\"widget\" data-e-type=\"widget\" data-widget_type=\"text-editor.default\">\n\t\t\t\t<div class=\"elementor-widget-container\">\n\t\t\t\t\t\t\t\t\t<p>Berger avanais, Vall\u00e9e du Lys, August 18, 1892 &#8211; Trutat, Eug\u00e8ne<\/p>\t\t\t\t\t\t\t\t<\/div>\n\t\t\t\t<\/div>\n\t\t\t\t<\/div>\n\t\t\t\t\t<\/div>\n\t\t\t\t<\/div>\n\t\t\t\t<\/div>\n\t\t","protected":false},"excerpt":{"rendered":"<p>The Alpage The Orchard The Forest The Hamlet (1\/15) (2\/15) (3\/15) (4\/15) (5\/15) (6\/15) (7\/15) (8\/15) (9\/15) (10\/15) (11\/15) (12\/15) (13\/15) (14\/15) (15\/15) L&#8217;Alpage is a collection of utility items &#8211; simple, long-lasting and practical. For working, walking, living inside and out. The emphasis is on raw, weathered local materials &#8211; to equip people and [&hellip;]<\/p>\n","protected":false},"author":3,"featured_media":0,"parent":15037,"menu_order":0,"comment_status":"closed","ping_status":"closed","template":"","meta":{"inline_featured_image":false,"footnotes":""},"class_list":["post-20236","page","type-page","status-publish","hentry"],"_links":{"self":[{"href":"https:\/\/www.douillet.com\/en\/wp-json\/wp\/v2\/pages\/20236","targetHints":{"allow":["GET"]}}],"collection":[{"href":"https:\/\/www.douillet.com\/en\/wp-json\/wp\/v2\/pages"}],"about":[{"href":"https:\/\/www.douillet.com\/en\/wp-json\/wp\/v2\/types\/page"}],"author":[{"embeddable":true,"href":"https:\/\/www.douillet.com\/en\/wp-json\/wp\/v2\/users\/3"}],"replies":[{"embeddable":true,"href":"https:\/\/www.douillet.com\/en\/wp-json\/wp\/v2\/comments?post=20236"}],"version-history":[{"count":0,"href":"https:\/\/www.douillet.com\/en\/wp-json\/wp\/v2\/pages\/20236\/revisions"}],"up":[{"embeddable":true,"href":"https:\/\/www.douillet.com\/en\/wp-json\/wp\/v2\/pages\/15037"}],"wp:attachment":[{"href":"https:\/\/www.douillet.com\/en\/wp-json\/wp\/v2\/media?parent=20236"}],"curies":[{"name":"wp","href":"https:\/\/api.w.org\/{rel}","templated":true}]}}