{"id":13811,"date":"2024-09-18T12:06:23","date_gmt":"2024-09-18T10:06:23","guid":{"rendered":"https:\/\/www.douillet.com\/history-of-the-alps\/"},"modified":"2025-05-24T20:21:37","modified_gmt":"2025-05-24T18:21:37","slug":"history-of-the-alps","status":"publish","type":"page","link":"https:\/\/www.douillet.com\/en\/history-of-the-alps\/","title":{"rendered":"History of the Alps"},"content":{"rendered":"\t\t<div data-elementor-type=\"wp-page\" data-elementor-id=\"13811\" class=\"elementor elementor-13811 elementor-11746\" data-elementor-post-type=\"page\">\n\t\t\t\t<div class=\"elementor-element elementor-element-3b83af7 e-con-full e-flex e-con e-parent\" data-id=\"3b83af7\" data-element_type=\"container\" data-e-type=\"container\">\n\t\t\t\t<div class=\"elementor-element elementor-element-a2aa608 elementor-widget elementor-widget-heading\" data-id=\"a2aa608\" data-element_type=\"widget\" data-e-type=\"widget\" data-widget_type=\"heading.default\">\n\t\t\t\t<div class=\"elementor-widget-container\">\n\t\t\t\t\t<span class=\"elementor-heading-title elementor-size-default\">CHAPTER III<\/span>\t\t\t\t<\/div>\n\t\t\t\t<\/div>\n\t\t\t\t<div class=\"elementor-element elementor-element-990a77f elementor-widget elementor-widget-heading\" data-id=\"990a77f\" data-element_type=\"widget\" data-e-type=\"widget\" data-widget_type=\"heading.default\">\n\t\t\t\t<div class=\"elementor-widget-container\">\n\t\t\t\t\t<h1 class=\"elementor-heading-title elementor-size-default\">History of the Alps<\/h1>\t\t\t\t<\/div>\n\t\t\t\t<\/div>\n\t\t\t\t<div class=\"elementor-element elementor-element-b49fd13 elementor-widget elementor-widget-heading\" data-id=\"b49fd13\" data-element_type=\"widget\" data-e-type=\"widget\" data-widget_type=\"heading.default\">\n\t\t\t\t<div class=\"elementor-widget-container\">\n\t\t\t\t\t<h4 class=\"elementor-heading-title elementor-size-default\">Part 1: The Alps, from human origins to the Roman era.<\/h4>\t\t\t\t<\/div>\n\t\t\t\t<\/div>\n\t\t\t\t<\/div>\n\t\t<div class=\"elementor-element elementor-element-ac56082 e-con-full e-flex e-con e-parent\" data-id=\"ac56082\" data-element_type=\"container\" data-e-type=\"container\">\n\t\t<div class=\"elementor-element elementor-element-d9bb840 e-con-full e-flex e-con e-child\" data-id=\"d9bb840\" data-element_type=\"container\" data-e-type=\"container\" data-settings=\"{&quot;background_background&quot;:&quot;classic&quot;}\">\n\t\t\t\t<\/div>\n\t\t<div class=\"elementor-element elementor-element-7023ee9 e-con-full e-flex e-con e-child\" data-id=\"7023ee9\" data-element_type=\"container\" data-e-type=\"container\" data-settings=\"{&quot;background_background&quot;:&quot;classic&quot;}\">\n\t\t\t\t<div class=\"elementor-element elementor-element-74e8db3 elementor-widget elementor-widget-heading\" data-id=\"74e8db3\" data-element_type=\"widget\" data-e-type=\"widget\" data-widget_type=\"heading.default\">\n\t\t\t\t<div class=\"elementor-widget-container\">\n\t\t\t\t\t<h2 class=\"elementor-heading-title elementor-size-default\">Alps : A human story<\/h2>\t\t\t\t<\/div>\n\t\t\t\t<\/div>\n\t\t\t\t<div class=\"elementor-element elementor-element-50d7507 elementor-widget elementor-widget-heading\" data-id=\"50d7507\" data-element_type=\"widget\" data-e-type=\"widget\" data-widget_type=\"heading.default\">\n\t\t\t\t<div class=\"elementor-widget-container\">\n\t\t\t\t\t<h3 class=\"elementor-heading-title elementor-size-default\">Introduction: The upper world<\/h3>\t\t\t\t<\/div>\n\t\t\t\t<\/div>\n\t\t\t\t<div class=\"elementor-element elementor-element-c0c87b3 elementor-widget-divider--view-line elementor-widget elementor-widget-divider\" data-id=\"c0c87b3\" data-element_type=\"widget\" data-e-type=\"widget\" data-widget_type=\"divider.default\">\n\t\t\t\t<div class=\"elementor-widget-container\">\n\t\t\t\t\t\t\t<div class=\"elementor-divider\">\n\t\t\t<span class=\"elementor-divider-separator\">\n\t\t\t\t\t\t<\/span>\n\t\t<\/div>\n\t\t\t\t\t\t<\/div>\n\t\t\t\t<\/div>\n\t\t\t\t<div class=\"elementor-element elementor-element-b0a17f9 elementor-widget elementor-widget-text-editor\" data-id=\"b0a17f9\" data-element_type=\"widget\" data-e-type=\"widget\" data-widget_type=\"text-editor.default\">\n\t\t\t\t<div class=\"elementor-widget-container\">\n\t\t\t\t\t\t\t\t\t<p>A mountainous arc spanning 8 countries and more than 1,200km, the Alps are renowned for the wildness and beauty of their landscapes &#8211; but also for the resilience of their people, who have stood the test of time by demonstrating great adaptability to hostile conditions and historical change.<\/p><p>But what is the real human history of the Alps? At what pace, and according to what will, have human populations settled and developed in this very special area? <\/p><p>Sedentarisation, adaptations to climatic conditions, cultural exchanges, etc. &#8211; this article explores the history of the Alps, to help us understand the social changes in this complex region.<\/p><p>Discovering &#8220;the world above&#8221;<span class=\"no-image-caractere\" title=\"Glyph of the Unicode character \u2018\u00b9\u2019 representing \u2018exponent 1\u2019.\">\u00b9<\/span>.<\/p>\t\t\t\t\t\t\t\t<\/div>\n\t\t\t\t<\/div>\n\t\t\t\t<div class=\"elementor-element elementor-element-9bfca44 elementor-widget elementor-widget-text-editor\" data-id=\"9bfca44\" data-element_type=\"widget\" data-e-type=\"widget\" data-widget_type=\"text-editor.default\">\n\t\t\t\t<div class=\"elementor-widget-container\">\n\t\t\t\t\t\t\t\t\t<p class=\"product-title product_title entry-title\">1: The word \u201cAlps\u201d etymologically refers to two concepts: whiteness and height. According to some interpretations, it could mean \u201cthe world above\u201d or \u201cthe luminous world\u201d &#8211; lending this territory a spiritual, almost mystical dimension.<br>Derived from a Celtic root <i>(albos)<\/i>, Alpes would mean \u201cthe luminous world, the world above\u201d. Derived from a Latin root<em>(Albus<\/em>, from Greek \u03b1\u03bb\u03c6\u03bf\u03bd) or from Indo-European <i>(albho) &#8211;<\/i> Alpes would mean \u201cwhite\u201d.  <\/p>\t\t\t\t\t\t\t\t<\/div>\n\t\t\t\t<\/div>\n\t\t\t\t<div class=\"elementor-element elementor-element-366f080 elementor-widget elementor-widget-text-editor\" data-id=\"366f080\" data-element_type=\"widget\" data-e-type=\"widget\" data-widget_type=\"text-editor.default\">\n\t\t\t\t<div class=\"elementor-widget-container\">\n\t\t\t\t\t\t\t\t\t<p class=\"product-title product_title entry-title\">Opposite: Map of the glaciers of the Alps &#8211; 1848 &#8211; William Blackwood &#8211; Watercolour.<\/p>\t\t\t\t\t\t\t\t<\/div>\n\t\t\t\t<\/div>\n\t\t\t\t<\/div>\n\t\t\t\t<\/div>\n\t\t<div class=\"elementor-element elementor-element-8eb2c95 e-con-full e-flex e-con e-parent\" data-id=\"8eb2c95\" data-element_type=\"container\" data-e-type=\"container\">\n\t\t<div class=\"elementor-element elementor-element-7f930e2 e-con-full e-flex e-con e-child\" data-id=\"7f930e2\" data-element_type=\"container\" data-e-type=\"container\" data-settings=\"{&quot;background_background&quot;:&quot;classic&quot;}\">\n\t\t\t\t<div class=\"elementor-element elementor-element-d9025d3 elementor-widget elementor-widget-heading\" data-id=\"d9025d3\" data-element_type=\"widget\" data-e-type=\"widget\" data-widget_type=\"heading.default\">\n\t\t\t\t<div class=\"elementor-widget-container\">\n\t\t\t\t\t<h2 class=\"elementor-heading-title elementor-size-default\">Prehistory of the Alps: Paleolithic, Mesolithic<\/h2>\t\t\t\t<\/div>\n\t\t\t\t<\/div>\n\t\t\t\t<div class=\"elementor-element elementor-element-c6646c6 elementor-widget-divider--view-line elementor-widget elementor-widget-divider\" data-id=\"c6646c6\" data-element_type=\"widget\" data-e-type=\"widget\" data-widget_type=\"divider.default\">\n\t\t\t\t<div class=\"elementor-widget-container\">\n\t\t\t\t\t\t\t<div class=\"elementor-divider\">\n\t\t\t<span class=\"elementor-divider-separator\">\n\t\t\t\t\t\t<\/span>\n\t\t<\/div>\n\t\t\t\t\t\t<\/div>\n\t\t\t\t<\/div>\n\t\t\t\t<div class=\"elementor-element elementor-element-4500ee7 elementor-widget elementor-widget-heading\" data-id=\"4500ee7\" data-element_type=\"widget\" data-e-type=\"widget\" data-widget_type=\"heading.default\">\n\t\t\t\t<div class=\"elementor-widget-container\">\n\t\t\t\t\t<h3 class=\"elementor-heading-title elementor-size-default\">Early alpine explorations<\/h3>\t\t\t\t<\/div>\n\t\t\t\t<\/div>\n\t\t\t\t<div class=\"elementor-element elementor-element-cf33011 elementor-widget elementor-widget-text-editor\" data-id=\"cf33011\" data-element_type=\"widget\" data-e-type=\"widget\" data-widget_type=\"text-editor.default\">\n\t\t\t\t<div class=\"elementor-widget-container\">\n\t\t\t\t\t\t\t\t\t<p>Around 20,000 years ago, as a result of interglacial climate warming, the Alpine valleys, which until then had been covered in ice, gradually opened up.<span class=\"no-image-caractere\" title=\"Glyph of the Unicode character \u2018\u00b9\u2019 representing \u2018exponent 1\u2019.\">\u00b9<\/span>.<\/p><p>Nomadic populations hunting in the surrounding steppe plains then made incursions into the Alpine valleys\u00b2. <\/p><p>Favored by a change in vegetation cover and fauna, human settlement became easier and we witnessed a gradual conquest of Alpine territories (12000 BC &#8211; 5000 BC). Seasonal sites (campsites, hunting halts, observation points) emerged, and the impact of these nomadic hunter-gatherer communities on the Alpine environment was relatively discreet. <\/p><p>It was not until the Neolithic period that the first farming societies really settled in the Alps.<\/p>\t\t\t\t\t\t\t\t<\/div>\n\t\t\t\t<\/div>\n\t\t\t\t<div class=\"elementor-element elementor-element-74b6522 elementor-widget elementor-widget-text-editor\" data-id=\"74b6522\" data-element_type=\"widget\" data-e-type=\"widget\" data-widget_type=\"text-editor.default\">\n\t\t\t\t<div class=\"elementor-widget-container\">\n\t\t\t\t\t\t\t\t\t<p>Opposite: Peasant communities crossing an Alpine pass (Col Collon, alt. 3070m). This reconstruction of a Neolithic migration (5000 B.C.) across an Alpine pass allows us to imagine the relationship between societies and migration, domestication and trade. <\/p>\t\t\t\t\t\t\t\t<\/div>\n\t\t\t\t<\/div>\n\t\t\t\t<div class=\"elementor-element elementor-element-2fe8d9e elementor-widget elementor-widget-text-editor\" data-id=\"2fe8d9e\" data-element_type=\"widget\" data-e-type=\"widget\" data-widget_type=\"text-editor.default\">\n\t\t\t\t<div class=\"elementor-widget-container\">\n\t\t\t\t\t\t\t\t\t<p>1: Traces of human presence have been found in the Alps during periods of warming: <a title=\"W\u00fcrm Glaciation\" href=\"https:\/\/fr.wikipedia.org\/wiki\/Glaciation_de_W%C3%BCrm\" target=\"_blank\" rel=\"noopener\">Riss-W\u00fcrm<\/a> interglacial period (approx. 100,000 BC); Middle Paleolithic (approx. 40,000 BC). But these are only temporary presences, notably of hunters who seem to have confined themselves to high altitude camps in caves. From the Upper Paleolithic\/Mesolithic (16000-12000 BC) onwards, nomadic hunter\/gatherer communities begin to establish themselves on a seasonal\/semi-permanent basis. It wasn&#8217;t until the Neolithic period (around 5000 BC) that the first \u201cpeasant\u201d societies became sedentary.   <\/p><div class=\"notranslate\" style=\"all: initial;\"> <\/div>\t\t\t\t\t\t\t\t<\/div>\n\t\t\t\t<\/div>\n\t\t\t\t<\/div>\n\t\t<div class=\"elementor-element elementor-element-e1f898d e-con-full e-flex e-con e-child\" data-id=\"e1f898d\" data-element_type=\"container\" data-e-type=\"container\" data-settings=\"{&quot;background_background&quot;:&quot;classic&quot;}\">\n\t\t\t\t<\/div>\n\t\t\t\t<\/div>\n\t\t<div class=\"elementor-element elementor-element-b27b0dd e-con-full e-flex e-con e-parent\" data-id=\"b27b0dd\" data-element_type=\"container\" data-e-type=\"container\">\n\t\t<div class=\"elementor-element elementor-element-96ea324 e-con-full e-flex e-con e-child\" data-id=\"96ea324\" data-element_type=\"container\" data-e-type=\"container\" data-settings=\"{&quot;background_background&quot;:&quot;classic&quot;}\">\n\t\t\t\t<\/div>\n\t\t<div class=\"elementor-element elementor-element-d0d4d4b e-con-full e-flex e-con e-child\" data-id=\"d0d4d4b\" data-element_type=\"container\" data-e-type=\"container\" data-settings=\"{&quot;background_background&quot;:&quot;classic&quot;}\">\n\t\t\t\t<div class=\"elementor-element elementor-element-bfa9cfa elementor-widget elementor-widget-heading\" data-id=\"bfa9cfa\" data-element_type=\"widget\" data-e-type=\"widget\" data-widget_type=\"heading.default\">\n\t\t\t\t<div class=\"elementor-widget-container\">\n\t\t\t\t\t<h2 class=\"elementor-heading-title elementor-size-default\">History of the Alps : Neolithic, Metal Age<\/h2>\t\t\t\t<\/div>\n\t\t\t\t<\/div>\n\t\t\t\t<div class=\"elementor-element elementor-element-9c94b4c elementor-widget-divider--view-line elementor-widget elementor-widget-divider\" data-id=\"9c94b4c\" data-element_type=\"widget\" data-e-type=\"widget\" data-widget_type=\"divider.default\">\n\t\t\t\t<div class=\"elementor-widget-container\">\n\t\t\t\t\t\t\t<div class=\"elementor-divider\">\n\t\t\t<span class=\"elementor-divider-separator\">\n\t\t\t\t\t\t<\/span>\n\t\t<\/div>\n\t\t\t\t\t\t<\/div>\n\t\t\t\t<\/div>\n\t\t\t\t<div class=\"elementor-element elementor-element-d81f14b elementor-widget elementor-widget-heading\" data-id=\"d81f14b\" data-element_type=\"widget\" data-e-type=\"widget\" data-widget_type=\"heading.default\">\n\t\t\t\t<div class=\"elementor-widget-container\">\n\t\t\t\t\t<h3 class=\"elementor-heading-title elementor-size-default\">Sedentaration &amp; Exchanges<\/h3>\t\t\t\t<\/div>\n\t\t\t\t<\/div>\n\t\t\t\t<div class=\"elementor-element elementor-element-0eb5aa8 elementor-widget elementor-widget-text-editor\" data-id=\"0eb5aa8\" data-element_type=\"widget\" data-e-type=\"widget\" data-widget_type=\"text-editor.default\">\n\t\t\t\t<div class=\"elementor-widget-container\">\n\t\t\t\t\t\t\t\t\t<p>At the beginning of the Neolithic (c. 5500 BC), the first farming communities settled in the low and mid-altitude Alpine valleys. They created suitable sites in strategic locations (river alluvial fans, hilltops, terraces), adapted to economic activities (sheepfolds, extraction of raw materials) and symbolic practices (necropolises, rock painting and engraving, etc.). <\/p><p>These village communities grow cereals (grain, small spelt, barley) and domesticate animals (goats, sheep) &#8211; alongside predatory activities (hunting, fishing, gathering).<\/p><p>The Bronze Age ushered in a new era in the history of the Alps. As metallurgy gradually developed, so did the production of bronze tools, weapons and jewelry. Trade intensified during this period, transforming Alpine societies towards greater complexity and social stratification.  <\/p><p>During the Iron Age, the Celts arrived in the Alps, introducing iron for more efficient tools and weapons. They established strategic fortified centers (political and economic) on the heights, and developed a network of trade routes. These intercultural exchanges enriched Alpine societies and forged a distinct cultural identity in the region.  <\/p>\t\t\t\t\t\t\t\t<\/div>\n\t\t\t\t<\/div>\n\t\t\t\t<div class=\"elementor-element elementor-element-51bd21d elementor-widget elementor-widget-text-editor\" data-id=\"51bd21d\" data-element_type=\"widget\" data-e-type=\"widget\" data-widget_type=\"text-editor.default\">\n\t\t\t\t<div class=\"elementor-widget-container\">\n\t\t\t\t\t\t\t\t\t<div>Opposite: Reproduction of<a href=\"https:\/\/fr.wikipedia.org\/wiki\/%C3%96tzi\" target=\"_blank\" rel=\"noopener\">\u00d6tzi<\/a>&#8216;s outfit, attesting to the quality of Neolithic outfits.<br>Goatskin patchwork tunic. Bearskin cap with drawstring. Shoes with leather sole and upper tongue. Inner slipper in twisted grass netting. Adjustable cape in alpine grass stems. <br>&#8220;Des Alpes au L\u00e9man, Images de la pr\u00e9histoire&#8221;, Infolios \u00e9ditions,<br>2008 (2nd edition)    <\/div><div class=\"notranslate\" style=\"all: initial;\"> <\/div>\t\t\t\t\t\t\t\t<\/div>\n\t\t\t\t<\/div>\n\t\t\t\t<\/div>\n\t\t\t\t<\/div>\n\t\t<div class=\"elementor-element elementor-element-77f6498 e-con-full e-flex e-con e-parent\" data-id=\"77f6498\" data-element_type=\"container\" data-e-type=\"container\">\n\t\t<div class=\"elementor-element elementor-element-93f55c6 e-con-full e-flex e-con e-child\" data-id=\"93f55c6\" data-element_type=\"container\" data-e-type=\"container\" data-settings=\"{&quot;background_background&quot;:&quot;classic&quot;}\">\n\t\t\t\t<div class=\"elementor-element elementor-element-205ad05 elementor-widget elementor-widget-heading\" data-id=\"205ad05\" data-element_type=\"widget\" data-e-type=\"widget\" data-widget_type=\"heading.default\">\n\t\t\t\t<div class=\"elementor-widget-container\">\n\t\t\t\t\t<h2 class=\"elementor-heading-title elementor-size-default\">History of the Alps: Roman era<\/h2>\t\t\t\t<\/div>\n\t\t\t\t<\/div>\n\t\t\t\t<div class=\"elementor-element elementor-element-d608d20 elementor-widget-divider--view-line elementor-widget elementor-widget-divider\" data-id=\"d608d20\" data-element_type=\"widget\" data-e-type=\"widget\" data-widget_type=\"divider.default\">\n\t\t\t\t<div class=\"elementor-widget-container\">\n\t\t\t\t\t\t\t<div class=\"elementor-divider\">\n\t\t\t<span class=\"elementor-divider-separator\">\n\t\t\t\t\t\t<\/span>\n\t\t<\/div>\n\t\t\t\t\t\t<\/div>\n\t\t\t\t<\/div>\n\t\t\t\t<div class=\"elementor-element elementor-element-4fc7400 elementor-widget elementor-widget-heading\" data-id=\"4fc7400\" data-element_type=\"widget\" data-e-type=\"widget\" data-widget_type=\"heading.default\">\n\t\t\t\t<div class=\"elementor-widget-container\">\n\t\t\t\t\t<h2 class=\"elementor-heading-title elementor-size-default\">Conquest &amp; Acculturation<\/h2>\t\t\t\t<\/div>\n\t\t\t\t<\/div>\n\t\t\t\t<div class=\"elementor-element elementor-element-f629106 elementor-widget elementor-widget-text-editor\" data-id=\"f629106\" data-element_type=\"widget\" data-e-type=\"widget\" data-widget_type=\"text-editor.default\">\n\t\t\t\t<div class=\"elementor-widget-container\">\n\t\t\t\t\t\t\t\t\t<p>In ancient times, the Roman Empire identified the Alps as a strategic zone &#8211; a key passageway for its expansion &#8211; and decided to conquer the area.<\/p><p>The change in lifestyle that followed this conquest then took place gradually, supported by the establishment of administrations and infrastructures (network of roads &#8211; enabling goods and information to be transported).<\/p><p>This \u2018Romanisation\u2019 of the Alps involved the arrival of new construction methods (masonry), decorations (baths, mosaics), consumer products and everyday objects (fine ceramics, Mediterranean dishes, etc.); but also Latin, Roman games and shows, etc.<\/p><p>While Latin culture is spreading, it is not entirely replacing existing culture. Local populations, especially in rural areas, continue to preserve \u201ctraditional\u201d foods, practices and rituals. <\/p><p>Two cultures were gradually juxtaposed and blended. Agglomerations are a concrete example of this diversity: economic, political, cultural and religious centers &#8211; places where traditional culture is reinforced and at the same time showcases a new Roman way of life. <\/p>\t\t\t\t\t\t\t\t<\/div>\n\t\t\t\t<\/div>\n\t\t\t\t<div class=\"elementor-element elementor-element-07d5ed9 elementor-widget elementor-widget-text-editor\" data-id=\"07d5ed9\" data-element_type=\"widget\" data-e-type=\"widget\" data-widget_type=\"text-editor.default\">\n\t\t\t\t<div class=\"elementor-widget-container\">\n\t\t\t\t\t\t\t\t\t<p>1: The Roman conquest of the Alps took place in 2 campaigns, relatively far apart: (125-121 BC 25 BC).<br>After that, the installation process is gradual.<br><br>Opposite: Peasant communities crossing an Alpine pass (Col Collon, alt. 3070m). This reconstruction of a Neolithic migration (5000 B.C.) across an Alpine pass allows us to imagine the relationship between societies and migration, domestication and trade. <\/p>\t\t\t\t\t\t\t\t<\/div>\n\t\t\t\t<\/div>\n\t\t\t\t<\/div>\n\t\t<div class=\"elementor-element elementor-element-89656c5 e-con-full e-flex e-con e-child\" data-id=\"89656c5\" data-element_type=\"container\" data-e-type=\"container\" data-settings=\"{&quot;background_background&quot;:&quot;classic&quot;}\">\n\t\t\t\t<\/div>\n\t\t\t\t<\/div>\n\t\t<div class=\"elementor-element elementor-element-ba7f0dc e-con-full e-flex e-con e-parent\" data-id=\"ba7f0dc\" data-element_type=\"container\" data-e-type=\"container\">\n\t\t\t\t<div class=\"elementor-element elementor-element-667eb41 elementor-widget elementor-widget-n-accordion\" data-id=\"667eb41\" data-element_type=\"widget\" data-e-type=\"widget\" data-settings=\"{&quot;default_state&quot;:&quot;expanded&quot;,&quot;max_items_expended&quot;:&quot;one&quot;,&quot;n_accordion_animation_duration&quot;:{&quot;unit&quot;:&quot;ms&quot;,&quot;size&quot;:400,&quot;sizes&quot;:[]}}\" data-widget_type=\"nested-accordion.default\">\n\t\t\t\t<div class=\"elementor-widget-container\">\n\t\t\t\t\t\t\t<div class=\"e-n-accordion\" aria-label=\"Accordion. Open links with Enter or Space, close with Escape, and navigate with Arrow Keys\">\n\t\t\t\t\t\t<details id=\"e-n-accordion-item-1070\" class=\"e-n-accordion-item\" open>\n\t\t\t\t<summary class=\"e-n-accordion-item-title\" data-accordion-index=\"1\" tabindex=\"0\" aria-expanded=\"true\" aria-controls=\"e-n-accordion-item-1070\" >\n\t\t\t\t\t<span class='e-n-accordion-item-title-header'><div class=\"e-n-accordion-item-title-text\"> Sources <\/div><\/span>\n\t\t\t\t\t\t\t\t\t<\/summary>\n\t\t\t\t<div role=\"region\" aria-labelledby=\"e-n-accordion-item-1070\" class=\"elementor-element elementor-element-db70734 e-con-full e-flex e-con e-child\" data-id=\"db70734\" data-element_type=\"container\" data-e-type=\"container\">\n\t\t\t\t<div class=\"elementor-element elementor-element-da64f4a elementor-widget elementor-widget-text-editor\" data-id=\"da64f4a\" data-element_type=\"widget\" data-e-type=\"widget\" data-widget_type=\"text-editor.default\">\n\t\t\t\t<div class=\"elementor-widget-container\">\n\t\t\t\t\t\t\t\t\t<p>. <a href=\"https:\/\/www.persee.fr\/doc\/globe_0398-3412_2009_num_1\" target=\"_blank\" rel=\"noopener\">Prehistory of the Alps: scientific issues, research methods and prospects<\/a><br>. Les Alpes Domestiqu\u00e9es &#8211; Revue l&#8217;Alpes &#8211; num\u00e9ro 100: Alpins, 7000 ans d&#8217;histoires.<br>. From the Alps to Lake Geneva. Images of prehistory. Gallay, A. dir. 2008. Infolio, Gollion<br>. <a href=\"https:\/\/fr.wikipedia.org\/wiki\/Histoire_du_peuplement_alpin\" target=\"_blank\" rel=\"noopener\">History of Alpine settlement (Wikipedia)<\/a><br>. <a href=\"https:\/\/fr.wikipedia.org\/wiki\/Alpes\" target=\"_blank\" rel=\"noopener\">The Alps (Wikipedia)<\/a><br>. <a href=\"https:\/\/www.homoalpinus.com\/\" target=\"_blank\" rel=\"noopener\">Homo Alpinus<\/a>     <\/p>\t\t\t\t\t\t\t\t<\/div>\n\t\t\t\t<\/div>\n\t\t\t\t<\/div>\n\t\t\t\t\t<\/details>\n\t\t\t\t\t<\/div>\n\t\t\t\t\t\t<\/div>\n\t\t\t\t<\/div>\n\t\t\t\t<\/div>\n\t\t<div class=\"elementor-element elementor-element-d2ac544 e-con-full e-flex e-con e-parent\" data-id=\"d2ac544\" data-element_type=\"container\" data-e-type=\"container\" data-settings=\"{&quot;background_background&quot;:&quot;classic&quot;}\">\n\t\t<div class=\"elementor-element elementor-element-ea6458a e-con-full e-flex e-con e-child\" data-id=\"ea6458a\" data-element_type=\"container\" data-e-type=\"container\" data-settings=\"{&quot;background_background&quot;:&quot;classic&quot;}\">\n\t\t\t\t<div class=\"elementor-element elementor-element-ea3dfd1 elementor-widget elementor-widget-heading\" data-id=\"ea3dfd1\" data-element_type=\"widget\" data-e-type=\"widget\" data-widget_type=\"heading.default\">\n\t\t\t\t<div class=\"elementor-widget-container\">\n\t\t\t\t\t<h2 class=\"elementor-heading-title elementor-size-default\">History of the Alps : Adaptation<\/h2>\t\t\t\t<\/div>\n\t\t\t\t<\/div>\n\t\t\t\t<div class=\"elementor-element elementor-element-84bd623 elementor-widget-divider--view-line elementor-widget elementor-widget-divider\" data-id=\"84bd623\" data-element_type=\"widget\" data-e-type=\"widget\" data-widget_type=\"divider.default\">\n\t\t\t\t<div class=\"elementor-widget-container\">\n\t\t\t\t\t\t\t<div class=\"elementor-divider\">\n\t\t\t<span class=\"elementor-divider-separator\">\n\t\t\t\t\t\t<\/span>\n\t\t<\/div>\n\t\t\t\t\t\t<\/div>\n\t\t\t\t<\/div>\n\t\t\t\t<div class=\"elementor-element elementor-element-a4b9549 elementor-widget elementor-widget-text-editor\" data-id=\"a4b9549\" data-element_type=\"widget\" data-e-type=\"widget\" data-widget_type=\"text-editor.default\">\n\t\t\t\t<div class=\"elementor-widget-container\">\n\t\t\t\t\t\t\t\t\t<p>The history of the Alps, seen through the prism of its people, is an example of resilience, adaptation and innovation.<\/p><p>From prehistory to the present day, human populations have adapted to an austere environment, to major historical changes, to trade and conquest &#8211; to build mixed, evolving, sustainable societies.<\/p><p>This human story offers a valuable lesson in the adaptability of our societies. At a time of societal change, this human story seems to offer pertinent answers: favoring exchange, sharing, adaptation &#8211; in search of harmony and longevity. <\/p>\t\t\t\t\t\t\t\t<\/div>\n\t\t\t\t<\/div>\n\t\t\t\t<div class=\"elementor-element elementor-element-1a314f9 elementor-align-justify elementor-widget elementor-widget-button\" data-id=\"1a314f9\" data-element_type=\"widget\" data-e-type=\"widget\" data-widget_type=\"button.default\">\n\t\t\t\t<div class=\"elementor-widget-container\">\n\t\t\t\t\t\t\t\t\t<div class=\"elementor-button-wrapper\">\n\t\t\t\t\t<a class=\"elementor-button elementor-button-link elementor-size-sm\" href=\"https:\/\/www.douillet.com\/en\/sets\/alpage-en\/\">\n\t\t\t\t\t\t<span class=\"elementor-button-content-wrapper\">\n\t\t\t\t\t\t\t\t\t<span class=\"elementor-button-text\">Discover the Alps: A tribute to the Alps<\/span>\n\t\t\t\t\t<\/span>\n\t\t\t\t\t<\/a>\n\t\t\t\t<\/div>\n\t\t\t\t\t\t\t\t<\/div>\n\t\t\t\t<\/div>\n\t\t\t\t<\/div>\n\t\t\t\t<\/div>\n\t\t\t\t<\/div>\n\t\t","protected":false},"excerpt":{"rendered":"<p>CHAPTER III History of the Alps Part 1: The Alps, from human origins to the Roman era. Alps : A human story Introduction: The upper world A mountainous arc spanning 8 countries and more than 1,200km, the Alps are renowned for the wildness and beauty of their landscapes &#8211; but also for the resilience of [&hellip;]<\/p>\n","protected":false},"author":3,"featured_media":12914,"parent":0,"menu_order":0,"comment_status":"closed","ping_status":"closed","template":"","meta":{"inline_featured_image":false,"footnotes":""},"class_list":["post-13811","page","type-page","status-publish","has-post-thumbnail","hentry"],"_links":{"self":[{"href":"https:\/\/www.douillet.com\/en\/wp-json\/wp\/v2\/pages\/13811","targetHints":{"allow":["GET"]}}],"collection":[{"href":"https:\/\/www.douillet.com\/en\/wp-json\/wp\/v2\/pages"}],"about":[{"href":"https:\/\/www.douillet.com\/en\/wp-json\/wp\/v2\/types\/page"}],"author":[{"embeddable":true,"href":"https:\/\/www.douillet.com\/en\/wp-json\/wp\/v2\/users\/3"}],"replies":[{"embeddable":true,"href":"https:\/\/www.douillet.com\/en\/wp-json\/wp\/v2\/comments?post=13811"}],"version-history":[{"count":0,"href":"https:\/\/www.douillet.com\/en\/wp-json\/wp\/v2\/pages\/13811\/revisions"}],"wp:featuredmedia":[{"embeddable":true,"href":"https:\/\/www.douillet.com\/en\/wp-json\/wp\/v2\/media\/12914"}],"wp:attachment":[{"href":"https:\/\/www.douillet.com\/en\/wp-json\/wp\/v2\/media?parent=13811"}],"curies":[{"name":"wp","href":"https:\/\/api.w.org\/{rel}","templated":true}]}}